{"id":53,"date":"2008-04-04T23:33:35","date_gmt":"2008-04-05T07:33:35","guid":{"rendered":"http:\/\/www.dragishak.com\/?page_id=53"},"modified":"2010-05-20T11:28:41","modified_gmt":"2010-05-20T18:28:41","slug":"yugoslav-new-wave-1980-ies","status":"publish","type":"page","link":"https:\/\/www.dragishak.com\/?page_id=53","title":{"rendered":"Yugoslav New Wave 1980-ies"},"content":{"rendered":"<ul style=\"list-style:none\">\n<li>\n<h3>Idoli: Malj\u010diki (1981)<\/h3>\n<h3><object classid=\"clsid:d27cdb6e-ae6d-11cf-96b8-444553540000\" width=\"425\" height=\"355\" codebase=\"http:\/\/download.macromedia.com\/pub\/shockwave\/cabs\/flash\/swflash.cab#version=6,0,40,0\"><param name=\"wmode\" value=\"transparent\" \/><param name=\"src\" value=\"http:\/\/www.youtube.com\/v\/CfI3eGXkZH8&amp;hl=en\" \/><embed type=\"application\/x-shockwave-flash\" width=\"425\" height=\"355\" src=\"http:\/\/www.youtube.com\/v\/CfI3eGXkZH8&amp;hl=en\" wmode=\"transparent\"><\/embed><\/object><\/h3>\n<\/li>\n<li>\n<h3>Idoli: Devojko mala (Little Girl)<\/h3>\n<p><object classid=\"clsid:d27cdb6e-ae6d-11cf-96b8-444553540000\" width=\"425\" height=\"355\" codebase=\"http:\/\/download.macromedia.com\/pub\/shockwave\/cabs\/flash\/swflash.cab#version=6,0,40,0\"><param name=\"wmode\" value=\"transparent\" \/><param name=\"src\" value=\"http:\/\/www.youtube.com\/v\/o1yjO3O9YJM&amp;hl=en\" \/><embed type=\"application\/x-shockwave-flash\" width=\"425\" height=\"355\" src=\"http:\/\/www.youtube.com\/v\/o1yjO3O9YJM&amp;hl=en\" wmode=\"transparent\"><\/embed><\/object><\/li>\n<li>\n<h3>Idoli: Hajde (Let&#8217;s Go) (1981)<\/h3>\n<p>From movie <a href=\"http:\/\/www.imdb.com\/title\/tt0180633\/\">De?ko koji obe?ava<\/a> (1981)<br \/>\n<object classid=\"clsid:d27cdb6e-ae6d-11cf-96b8-444553540000\" width=\"425\" height=\"355\" codebase=\"http:\/\/download.macromedia.com\/pub\/shockwave\/cabs\/flash\/swflash.cab#version=6,0,40,0\"><param name=\"wmode\" value=\"transparent\" \/><param name=\"src\" value=\"http:\/\/www.youtube.com\/v\/Og4r3WuFqnA&amp;hl=en\" \/><embed type=\"application\/x-shockwave-flash\" width=\"425\" height=\"355\" src=\"http:\/\/www.youtube.com\/v\/Og4r3WuFqnA&amp;hl=en\" wmode=\"transparent\"><\/embed><\/object><\/li>\n<li>\n<h3>Idoli: Ona to zna (She Knows It) (1985)<\/h3>\n<p>For the movie <a href=\"http:\/\/www.imdb.com\/title\/tt0088091\/\">\ufffdest dana juna<\/a> (6 Days In June)<br \/>\n<object classid=\"clsid:d27cdb6e-ae6d-11cf-96b8-444553540000\" width=\"425\" height=\"355\" codebase=\"http:\/\/download.macromedia.com\/pub\/shockwave\/cabs\/flash\/swflash.cab#version=6,0,40,0\"><param name=\"wmode\" value=\"transparent\" \/><param name=\"src\" value=\"http:\/\/www.youtube.com\/v\/a6mParoMO6o&amp;hl=en\" \/><embed type=\"application\/x-shockwave-flash\" width=\"425\" height=\"355\" src=\"http:\/\/www.youtube.com\/v\/a6mParoMO6o&amp;hl=en\" wmode=\"transparent\"><\/embed><\/object><\/li>\n<li>\n<h3>\u0160arlo Akrobata: Niko kao Ja (Nobody Like Me)<\/h3>\n<h3><object classid=\"clsid:d27cdb6e-ae6d-11cf-96b8-444553540000\" width=\"425\" height=\"355\" codebase=\"http:\/\/download.macromedia.com\/pub\/shockwave\/cabs\/flash\/swflash.cab#version=6,0,40,0\"><param name=\"wmode\" value=\"transparent\" \/><param name=\"src\" value=\"http:\/\/www.youtube.com\/v\/IwIaqEGQbXE&amp;hl=en\" \/><embed type=\"application\/x-shockwave-flash\" width=\"425\" height=\"355\" src=\"http:\/\/www.youtube.com\/v\/IwIaqEGQbXE&amp;hl=en\" wmode=\"transparent\"><\/embed><\/object><\/h3>\n<\/li>\n<li>\n<h3>\u0160arlo Akrobata: Balada o tvrdim grudima (Ballade Of Hard Tits)<\/h3>\n<p>From movie <a href=\"http:\/\/www.imdb.com\/title\/tt0180633\/\">De\u010dko koji obe\u0107ava<\/a> (1981)<br \/>\n<object classid=\"clsid:d27cdb6e-ae6d-11cf-96b8-444553540000\" width=\"425\" height=\"355\" codebase=\"http:\/\/download.macromedia.com\/pub\/shockwave\/cabs\/flash\/swflash.cab#version=6,0,40,0\"><param name=\"wmode\" value=\"transparent\" \/><param name=\"src\" value=\"http:\/\/www.youtube.com\/v\/fjcl1MZrjk8&amp;hl=en\" \/><embed type=\"application\/x-shockwave-flash\" width=\"425\" height=\"355\" src=\"http:\/\/www.youtube.com\/v\/fjcl1MZrjk8&amp;hl=en\" wmode=\"transparent\"><\/embed><\/object><\/li>\n<li>\n<h3>Disciplina Ki\u010dme: Nemoj (Don&#8217;t) and Pe\u010dati (Stamps) (1982)<\/h3>\n<p><object classid=\"clsid:d27cdb6e-ae6d-11cf-96b8-444553540000\" width=\"425\" height=\"355\" codebase=\"http:\/\/download.macromedia.com\/pub\/shockwave\/cabs\/flash\/swflash.cab#version=6,0,40,0\"><param name=\"wmode\" value=\"transparent\" \/><param name=\"src\" value=\"http:\/\/www.youtube.com\/v\/NxoH2GotiSI&amp;hl=en\" \/><embed type=\"application\/x-shockwave-flash\" width=\"425\" height=\"355\" src=\"http:\/\/www.youtube.com\/v\/NxoH2GotiSI&amp;hl=en\" wmode=\"transparent\"><\/embed><\/object><\/li>\n<li>\n<h3>Sla\u0111ana Milo\u0161evi\u0107: Miki Miki (1983)<\/h3>\n<p><object classid=\"clsid:d27cdb6e-ae6d-11cf-96b8-444553540000\" width=\"425\" height=\"355\" codebase=\"http:\/\/download.macromedia.com\/pub\/shockwave\/cabs\/flash\/swflash.cab#version=6,0,40,0\"><param name=\"wmode\" value=\"transparent\" \/><param name=\"src\" value=\"http:\/\/www.youtube.com\/v\/IWtT0Kot86Y&amp;hl=en\" \/><embed type=\"application\/x-shockwave-flash\" width=\"425\" height=\"355\" src=\"http:\/\/www.youtube.com\/v\/IWtT0Kot86Y&amp;hl=en\" wmode=\"transparent\"><\/embed><\/object><\/li>\n<li>\n<h3>Videosex: Moja mama (My Mother)<\/h3>\n<p><object classid=\"clsid:d27cdb6e-ae6d-11cf-96b8-444553540000\" width=\"425\" height=\"355\" codebase=\"http:\/\/download.macromedia.com\/pub\/shockwave\/cabs\/flash\/swflash.cab#version=6,0,40,0\"><param name=\"wmode\" value=\"transparent\" \/><param name=\"src\" value=\"http:\/\/www.youtube.com\/v\/Z8TGNl08AF8&amp;hl=en\" \/><embed type=\"application\/x-shockwave-flash\" width=\"425\" height=\"355\" src=\"http:\/\/www.youtube.com\/v\/Z8TGNl08AF8&amp;hl=en\" wmode=\"transparent\"><\/embed><\/object><\/li>\n<li>\n<h3>Videosex: Zemlja ple\u0161e (World Is Dancing)<\/h3>\n<p><object classid=\"clsid:d27cdb6e-ae6d-11cf-96b8-444553540000\" width=\"425\" height=\"355\" codebase=\"http:\/\/download.macromedia.com\/pub\/shockwave\/cabs\/flash\/swflash.cab#version=6,0,40,0\"><param name=\"wmode\" value=\"transparent\" \/><param name=\"src\" value=\"http:\/\/www.youtube.com\/v\/0ITuRigZpfo&amp;hl=en\" \/><embed type=\"application\/x-shockwave-flash\" width=\"425\" height=\"355\" src=\"http:\/\/www.youtube.com\/v\/0ITuRigZpfo&amp;hl=en\" wmode=\"transparent\"><\/embed><\/object><\/li>\n<li>\n<h3>Laibach: Dr\u017eava (State) (1984)<\/h3>\n<p><object classid=\"clsid:d27cdb6e-ae6d-11cf-96b8-444553540000\" width=\"425\" height=\"355\" codebase=\"http:\/\/download.macromedia.com\/pub\/shockwave\/cabs\/flash\/swflash.cab#version=6,0,40,0\"><param name=\"wmode\" value=\"transparent\" \/><param name=\"src\" value=\"http:\/\/www.youtube.com\/v\/sRADA7fLVpQ&amp;hl=en\" \/><embed type=\"application\/x-shockwave-flash\" width=\"425\" height=\"355\" src=\"http:\/\/www.youtube.com\/v\/sRADA7fLVpQ&amp;hl=en\" wmode=\"transparent\"><\/embed><\/object><\/li>\n<li>\n<h3>Laibach: First appearance on TV Ljubljana (1983)<\/h3>\n<p>After this the band was administratively banned and didn&#8217;t publicly play in Yugoslavia until 1987.<br \/>\n<object classid=\"clsid:d27cdb6e-ae6d-11cf-96b8-444553540000\" width=\"425\" height=\"355\" codebase=\"http:\/\/download.macromedia.com\/pub\/shockwave\/cabs\/flash\/swflash.cab#version=6,0,40,0\"><param name=\"wmode\" value=\"transparent\" \/><param name=\"src\" value=\"http:\/\/www.youtube.com\/v\/xz_PhMpFR9U&amp;hl=en\" \/><embed type=\"application\/x-shockwave-flash\" width=\"425\" height=\"355\" src=\"http:\/\/www.youtube.com\/v\/xz_PhMpFR9U&amp;hl=en\" wmode=\"transparent\"><\/embed><\/object><\/li>\n<li>\n<h3>Ekatarina Velika: O\u010di boje meda (Eyes Of Color of Honey)  (1984)<\/h3>\n<p><object classid=\"clsid:d27cdb6e-ae6d-11cf-96b8-444553540000\" width=\"425\" height=\"355\" codebase=\"http:\/\/download.macromedia.com\/pub\/shockwave\/cabs\/flash\/swflash.cab#version=6,0,40,0\"><param name=\"wmode\" value=\"transparent\" \/><param name=\"src\" value=\"http:\/\/www.youtube.com\/v\/ex32qlF6Ss0&amp;hl=en\" \/><embed type=\"application\/x-shockwave-flash\" width=\"425\" height=\"355\" src=\"http:\/\/www.youtube.com\/v\/ex32qlF6Ss0&amp;hl=en\" wmode=\"transparent\"><\/embed><\/object><\/li>\n<li>\n<h3>Denis i Denis: Program tvog kompjutera (Program Of Your Computer) (1984)<\/h3>\n<p><object classid=\"clsid:d27cdb6e-ae6d-11cf-96b8-444553540000\" width=\"425\" height=\"355\" codebase=\"http:\/\/download.macromedia.com\/pub\/shockwave\/cabs\/flash\/swflash.cab#version=6,0,40,0\"><param name=\"wmode\" value=\"transparent\" \/><param name=\"src\" value=\"http:\/\/www.youtube.com\/v\/RzMI7BrXj9c&amp;hl=en\" \/><embed type=\"application\/x-shockwave-flash\" width=\"425\" height=\"355\" src=\"http:\/\/www.youtube.com\/v\/RzMI7BrXj9c&amp;hl=en\" wmode=\"transparent\"><\/embed><\/object><\/li>\n<li>\n<h3>Pekin\u0161ka Patka: Ja sam panker u sakou starom (I Am a Punk In Old Jacket)<\/h3>\n<p><object classid=\"clsid:d27cdb6e-ae6d-11cf-96b8-444553540000\" width=\"425\" height=\"355\" codebase=\"http:\/\/download.macromedia.com\/pub\/shockwave\/cabs\/flash\/swflash.cab#version=6,0,40,0\"><param name=\"wmode\" value=\"transparent\" \/><param name=\"src\" value=\"http:\/\/www.youtube.com\/v\/GKkVxMxfeYE&amp;hl=en\" \/><embed type=\"application\/x-shockwave-flash\" width=\"425\" height=\"355\" src=\"http:\/\/www.youtube.com\/v\/GKkVxMxfeYE&amp;hl=en\" wmode=\"transparent\"><\/embed><\/object><\/li>\n<\/ul>\n","protected":false},"excerpt":{"rendered":"<p>Idoli: Malj\u010diki (1981) Idoli: Devojko mala (Little Girl) Idoli: Hajde (Let&#8217;s Go) (1981) From movie De?ko koji obe?ava (1981) Idoli: Ona to zna (She Knows It) (1985) For the movie \ufffdest dana juna (6 Days In June) \u0160arlo Akrobata: Niko kao Ja (Nobody Like Me) \u0160arlo Akrobata: Balada o tvrdim grudima (Ballade Of Hard Tits) [&hellip;]<\/p>\n","protected":false},"author":1,"featured_media":0,"parent":0,"menu_order":0,"comment_status":"open","ping_status":"open","template":"","meta":{"footnotes":""},"class_list":["post-53","page","type-page","status-publish","hentry"],"_links":{"self":[{"href":"https:\/\/www.dragishak.com\/index.php?rest_route=\/wp\/v2\/pages\/53","targetHints":{"allow":["GET"]}}],"collection":[{"href":"https:\/\/www.dragishak.com\/index.php?rest_route=\/wp\/v2\/pages"}],"about":[{"href":"https:\/\/www.dragishak.com\/index.php?rest_route=\/wp\/v2\/types\/page"}],"author":[{"embeddable":true,"href":"https:\/\/www.dragishak.com\/index.php?rest_route=\/wp\/v2\/users\/1"}],"replies":[{"embeddable":true,"href":"https:\/\/www.dragishak.com\/index.php?rest_route=%2Fwp%2Fv2%2Fcomments&post=53"}],"version-history":[{"count":7,"href":"https:\/\/www.dragishak.com\/index.php?rest_route=\/wp\/v2\/pages\/53\/revisions"}],"predecessor-version":[{"id":75,"href":"https:\/\/www.dragishak.com\/index.php?rest_route=\/wp\/v2\/pages\/53\/revisions\/75"}],"wp:attachment":[{"href":"https:\/\/www.dragishak.com\/index.php?rest_route=%2Fwp%2Fv2%2Fmedia&parent=53"}],"curies":[{"name":"wp","href":"https:\/\/api.w.org\/{rel}","templated":true}]}}